{"id":23088,"date":"2025-11-11T11:08:30","date_gmt":"2025-11-11T11:08:30","guid":{"rendered":"https:\/\/arsavev.com.tr\/projeler\/"},"modified":"2025-12-16T14:28:55","modified_gmt":"2025-12-16T14:28:55","slug":"projects","status":"publish","type":"page","link":"https:\/\/arsavev.com.tr\/en\/projects\/","title":{"rendered":"projects"},"content":{"rendered":"\t\t<div data-elementor-type=\"wp-page\" data-elementor-id=\"23088\" class=\"elementor elementor-23088 elementor-22474\" data-elementor-post-type=\"page\">\n\t\t\t\t<div class=\"elementor-element elementor-element-7cd614d e-flex e-con-boxed e-con e-parent\" data-id=\"7cd614d\" data-element_type=\"container\" data-e-type=\"container\" data-settings=\"{&quot;background_background&quot;:&quot;classic&quot;}\">\n\t\t\t\t\t<div class=\"e-con-inner\">\n\t\t<div class=\"elementor-element elementor-element-df57420 e-con-full e-flex e-con e-child\" data-id=\"df57420\" data-element_type=\"container\" data-e-type=\"container\">\n\t\t\t\t<\/div>\n\t\t\t\t\t<\/div>\n\t\t\t\t<\/div>\n\t\t<div class=\"elementor-element elementor-element-703c93b e-flex e-con-boxed e-con e-parent\" data-id=\"703c93b\" data-element_type=\"container\" data-e-type=\"container\" data-settings=\"{&quot;background_background&quot;:&quot;classic&quot;}\">\n\t\t\t\t\t<div class=\"e-con-inner\">\n\t\t<div class=\"elementor-element elementor-element-6f80435 e-con-full e-flex e-con e-child\" data-id=\"6f80435\" data-element_type=\"container\" data-e-type=\"container\">\n\t\t\t\t<div class=\"elementor-element elementor-element-6ad362e elementor-widget elementor-widget-text-editor\" data-id=\"6ad362e\" data-element_type=\"widget\" data-e-type=\"widget\" data-widget_type=\"text-editor.default\">\n\t\t\t\t<div class=\"elementor-widget-container\">\n\t\t\t\t\t\t\t\t\t<p>plan your future according to the type of investment.<\/p>\t\t\t\t\t\t\t\t<\/div>\n\t\t\t\t<\/div>\n\t\t\t\t<\/div>\n\t\t<div class=\"elementor-element elementor-element-72eb7ee e-con-full e-flex e-con e-child\" data-id=\"72eb7ee\" data-element_type=\"container\" data-e-type=\"container\">\n\t\t<div class=\"elementor-element elementor-element-419f5eb e-con-full e-flex e-con e-child\" data-id=\"419f5eb\" data-element_type=\"container\" data-e-type=\"container\" data-settings=\"{&quot;background_background&quot;:&quot;classic&quot;}\">\n\t\t\t\t<div class=\"elementor-element elementor-element-41f7bce elementor-position-top elementor-widget elementor-widget-image-box\" data-id=\"41f7bce\" data-element_type=\"widget\" data-e-type=\"widget\" data-widget_type=\"image-box.default\">\n\t\t\t\t<div class=\"elementor-widget-container\">\n\t\t\t\t\t<div class=\"elementor-image-box-wrapper\"><figure class=\"elementor-image-box-img\"><a href=\"#arsa\" tabindex=\"-1\"><img fetchpriority=\"high\" decoding=\"async\" width=\"512\" height=\"512\" src=\"https:\/\/arsavev.com.tr\/wp-content\/uploads\/2025\/01\/land-plot-min.png\" class=\"attachment-full size-full wp-image-18653\" alt=\"\"><\/a><\/figure><div class=\"elementor-image-box-content\"><h3 class=\"elementor-image-box-title\"><a href=\"#arsa\">land<\/a><\/h3><\/div><\/div>\t\t\t\t<\/div>\n\t\t\t\t<\/div>\n\t\t\t\t<\/div>\n\t\t<div class=\"elementor-element elementor-element-6d3ac2d e-con-full e-flex e-con e-child\" data-id=\"6d3ac2d\" data-element_type=\"container\" data-e-type=\"container\" data-settings=\"{&quot;background_background&quot;:&quot;classic&quot;}\">\n\t\t\t\t<div class=\"elementor-element elementor-element-b6a1053 elementor-position-top elementor-widget elementor-widget-image-box\" data-id=\"b6a1053\" data-element_type=\"widget\" data-e-type=\"widget\" data-widget_type=\"image-box.default\">\n\t\t\t\t<div class=\"elementor-widget-container\">\n\t\t\t\t\t<div class=\"elementor-image-box-wrapper\"><figure class=\"elementor-image-box-img\"><a href=\"#arsavev\" tabindex=\"-1\"><img decoding=\"async\" width=\"512\" height=\"512\" src=\"https:\/\/arsavev.com.tr\/wp-content\/uploads\/2025\/01\/address-1-min.png\" class=\"attachment-full size-full wp-image-18656\" alt=\"\"><\/a><\/figure><div class=\"elementor-image-box-content\"><h3 class=\"elementor-image-box-title\"><a href=\"#arsavev\">arsaVev<\/a><\/h3><\/div><\/div>\t\t\t\t<\/div>\n\t\t\t\t<\/div>\n\t\t\t\t<\/div>\n\t\t\t\t<\/div>\n\t\t\t\t\t<\/div>\n\t\t\t\t<\/div>\n\t\t<div class=\"elementor-element elementor-element-9eb916e e-flex e-con-boxed e-con e-parent\" data-id=\"9eb916e\" data-element_type=\"container\" data-e-type=\"container\" data-settings=\"{&quot;background_background&quot;:&quot;classic&quot;}\">\n\t\t\t\t\t<div class=\"e-con-inner\">\n\t\t\t\t<div class=\"elementor-element elementor-element-056e000 e-n-tabs-mobile elementor-widget elementor-widget-n-tabs\" data-id=\"056e000\" data-element_type=\"widget\" data-e-type=\"widget\" data-settings=\"{&quot;tabs_justify_horizontal&quot;:&quot;start&quot;,&quot;horizontal_scroll&quot;:&quot;disable&quot;}\" data-widget_type=\"nested-tabs.default\">\n\t\t\t\t<div class=\"elementor-widget-container\">\n\t\t\t\t\t\t\t<div class=\"e-n-tabs\" data-widget-number=\"5693440\" aria-label=\"Tabs. Open items with Enter or Space, close with Escape and navigate using the Arrow keys.\">\n\t\t\t<div class=\"e-n-tabs-heading\" role=\"tablist\">\n\t\t\t\t\t<button id=\"e-n-tab-title-56934401\" data-tab-title-id=\"e-n-tab-title-56934401\" class=\"e-n-tab-title\" aria-selected=\"true\" data-tab-index=\"1\" role=\"tab\" tabindex=\"0\" aria-controls=\"e-n-tab-content-56934401\" style=\"--n-tabs-title-order: 1;\">\n\t\t\t\t\t\t<span class=\"e-n-tab-title-text\">\n\t\t\t\tall project\t\t\t<\/span>\n\t\t<\/button>\n\t\t\t\t<button id=\"arsavev\" data-tab-title-id=\"e-n-tab-title-56934402\" class=\"e-n-tab-title\" aria-selected=\"false\" data-tab-index=\"2\" role=\"tab\" tabindex=\"-1\" aria-controls=\"e-n-tab-content-56934402\" style=\"--n-tabs-title-order: 2;\">\n\t\t\t\t\t\t<span class=\"e-n-tab-title-text\">\n\t\t\t\tarsaVev\t\t\t<\/span>\n\t\t<\/button>\n\t\t\t\t<button id=\"arsa\" data-tab-title-id=\"e-n-tab-title-56934403\" class=\"e-n-tab-title\" aria-selected=\"false\" data-tab-index=\"3\" role=\"tab\" tabindex=\"-1\" aria-controls=\"e-n-tab-content-56934403\" style=\"--n-tabs-title-order: 3;\">\n\t\t\t\t\t\t<span class=\"e-n-tab-title-text\">\n\t\t\t\tland\t\t\t<\/span>\n\t\t<\/button>\n\t\t\t\t<button id=\"tamamlanmis-projeler\" data-tab-title-id=\"e-n-tab-title-56934404\" class=\"e-n-tab-title\" aria-selected=\"false\" data-tab-index=\"4\" role=\"tab\" tabindex=\"-1\" aria-controls=\"e-n-tab-content-56934404\" style=\"--n-tabs-title-order: 4;\">\n\t\t\t\t\t\t<span class=\"e-n-tab-title-text\">\n\t\t\t\tcompleted projects\t\t\t<\/span>\n\t\t<\/button>\n\t\t\t\t\t<\/div>\n\t\t\t<div class=\"e-n-tabs-content\">\n\t\t\t\t<div id=\"e-n-tab-content-56934401\" role=\"tabpanel\" aria-labelledby=\"e-n-tab-title-56934401\" data-tab-index=\"1\" style=\"--n-tabs-title-order: 1;\" class=\"e-active elementor-element elementor-element-86f51a3 e-con-full e-flex e-con e-child\" data-id=\"86f51a3\" data-element_type=\"container\" data-e-type=\"container\">\n\t\t<div class=\"elementor-element elementor-element-d787d0a e-flex e-con-boxed e-con e-child\" data-id=\"d787d0a\" data-element_type=\"container\" data-e-type=\"container\" data-settings=\"{&quot;background_background&quot;:&quot;classic&quot;}\">\n\t\t\t\t\t<div class=\"e-con-inner\">\n\t\t\t\t\t<\/div>\n\t\t\t\t<\/div>\n\t\t\t\t<\/div>\n\t\t<div id=\"e-n-tab-content-56934402\" role=\"tabpanel\" aria-labelledby=\"arsavev\" data-tab-index=\"2\" style=\"--n-tabs-title-order: 2;\" class=\" elementor-element elementor-element-ca92e64 e-con-full e-flex e-con e-child\" data-id=\"ca92e64\" data-element_type=\"container\" data-e-type=\"container\">\n\t\t<div class=\"elementor-element elementor-element-7fdc953 e-flex e-con-boxed e-con e-child\" data-id=\"7fdc953\" data-element_type=\"container\" data-e-type=\"container\" data-settings=\"{&quot;background_background&quot;:&quot;classic&quot;}\">\n\t\t\t\t\t<div class=\"e-con-inner\">\n\t\t<div class=\"elementor-element elementor-element-d95fccd e-con-full e-flex e-con e-child\" data-id=\"d95fccd\" data-element_type=\"container\" data-e-type=\"container\">\n\t\t\t\t<div class=\"elementor-element elementor-element-1d65db7 elementor-widget elementor-widget-heading\" data-id=\"1d65db7\" data-element_type=\"widget\" data-e-type=\"widget\" data-widget_type=\"heading.default\">\n\t\t\t\t<div class=\"elementor-widget-container\">\n\t\t\t\t\t<h2 class=\"elementor-heading-title elementor-size-default\">arsaVev<\/h2>\t\t\t\t<\/div>\n\t\t\t\t<\/div>\n\t\t\t\t<\/div>\n\t\t\t\t\t<\/div>\n\t\t\t\t<\/div>\n\t\t\t\t<\/div>\n\t\t<div id=\"e-n-tab-content-56934403\" role=\"tabpanel\" aria-labelledby=\"arsa\" data-tab-index=\"3\" style=\"--n-tabs-title-order: 3;\" class=\" elementor-element elementor-element-87e1a6b e-con-full e-flex e-con e-child\" data-id=\"87e1a6b\" data-element_type=\"container\" data-e-type=\"container\">\n\t\t<div class=\"elementor-element elementor-element-226c8a3 e-flex e-con-boxed e-con e-child\" data-id=\"226c8a3\" data-element_type=\"container\" data-e-type=\"container\" data-settings=\"{&quot;background_background&quot;:&quot;classic&quot;}\">\n\t\t\t\t\t<div class=\"e-con-inner\">\n\t\t<div class=\"elementor-element elementor-element-3c00933 e-con-full e-flex e-con e-child\" data-id=\"3c00933\" data-element_type=\"container\" data-e-type=\"container\">\n\t\t\t\t<div class=\"elementor-element elementor-element-c4dc1fb elementor-widget elementor-widget-heading\" data-id=\"c4dc1fb\" data-element_type=\"widget\" data-e-type=\"widget\" data-widget_type=\"heading.default\">\n\t\t\t\t<div class=\"elementor-widget-container\">\n\t\t\t\t\t<h2 class=\"elementor-heading-title elementor-size-default\">land<\/h2>\t\t\t\t<\/div>\n\t\t\t\t<\/div>\n\t\t\t\t<\/div>\n\t\t\t\t\t<\/div>\n\t\t\t\t<\/div>\n\t\t\t\t<\/div>\n\t\t<div id=\"e-n-tab-content-56934404\" role=\"tabpanel\" aria-labelledby=\"tamamlanmis-projeler\" data-tab-index=\"4\" style=\"--n-tabs-title-order: 4;\" class=\" elementor-element elementor-element-c8cf98a e-con-full e-flex e-con e-child\" data-id=\"c8cf98a\" data-element_type=\"container\" data-e-type=\"container\">\n\t\t<div class=\"elementor-element elementor-element-803a31c e-flex e-con-boxed e-con e-child\" data-id=\"803a31c\" data-element_type=\"container\" data-e-type=\"container\" data-settings=\"{&quot;background_background&quot;:&quot;classic&quot;}\">\n\t\t\t\t\t<div class=\"e-con-inner\">\n\t\t<div class=\"elementor-element elementor-element-8fd8698 e-con-full e-flex e-con e-child\" data-id=\"8fd8698\" data-element_type=\"container\" data-e-type=\"container\">\n\t\t\t\t<div class=\"elementor-element elementor-element-6a4c86c elementor-widget elementor-widget-heading\" data-id=\"6a4c86c\" data-element_type=\"widget\" data-e-type=\"widget\" data-widget_type=\"heading.default\">\n\t\t\t\t<div class=\"elementor-widget-container\">\n\t\t\t\t\t<h2 class=\"elementor-heading-title elementor-size-default\">completed projects<\/h2>\t\t\t\t<\/div>\n\t\t\t\t<\/div>\n\t\t\t\t<div class=\"elementor-element elementor-element-0d5e55d elementor-widget elementor-widget-text-editor\" data-id=\"0d5e55d\" data-element_type=\"widget\" data-e-type=\"widget\" data-widget_type=\"text-editor.default\">\n\t\t\t\t<div class=\"elementor-widget-container\">\n\t\t\t\t\t\t\t\t\t<p>land and house projects completed with happy customers<\/p>\t\t\t\t\t\t\t\t<\/div>\n\t\t\t\t<\/div>\n\t\t\t\t<\/div>\n\t\t\t\t\t<\/div>\n\t\t\t\t<\/div>\n\t\t\t\t<\/div>\n\t\t\t\t\t<\/div>\n\t\t<\/div>\n\t\t\t\t\t\t<\/div>\n\t\t\t\t<\/div>\n\t\t\t\t\t<\/div>\n\t\t\t\t<\/div>\n\t\t<div class=\"elementor-element elementor-element-31ffc54 e-flex e-con-boxed e-con e-parent\" data-id=\"31ffc54\" data-element_type=\"container\" data-e-type=\"container\">\n\t\t\t\t\t<div class=\"e-con-inner\">\n\t\t\t\t<div class=\"elementor-element elementor-element-5b73443 elementor-widget elementor-widget-html\" data-id=\"5b73443\" data-element_type=\"widget\" data-e-type=\"widget\" data-widget_type=\"html.default\">\n\t\t\t\t<div class=\"elementor-widget-container\">\n\t\t\t\t\t<script>\n\/* Control the Elementor Tabs from the URL\n* Code from https:\/\/element.how\/elementor-open-specific-tab-toggle-accordion\/\n* Copyright 2023 Element.how\n* Updated 2023\/12\/05\n*\/\nwindow.addEventListener('load', () => {\n    setTimeout(function () {\n        let scrollOffset = 100; \/* scroll offset from the top of title *\/\n\n        const tabsAccordionToggleTitles = document.querySelectorAll('.e-n-accordion-item-title, .e-n-tab-title, .elementor-tab-title');\n\n        const clickTitleWithAnchor = (anchor) => {\n            tabsAccordionToggleTitles.forEach(title => {\n                if (title.querySelector(`#${anchor}`) != null || title.id === anchor || (title.closest('details') && title.closest('details').id === anchor)) {\n                    if (title.getAttribute('aria-expanded') !== 'true' && !title.classList.contains('elementor-active')) title.click();\n                    let timing = 0;\n                    let scrollTarget = title;\n                    if (getComputedStyle(title.closest('.elementor-element')).getPropertyValue('--n-tabs-direction') == 'row') scrollTarget = title.closest('.elementor-element');\n                    if (title.closest('.e-n-accordion, .elementor-accordion-item, .elementor-toggle-item')) {\n                        timing = 400;\n                    }\n                    setTimeout(function () {\n                        jQuery('html, body').animate({\n                            scrollTop: jQuery(scrollTarget).offset().top - scrollOffset,\n                        }, 'slow');\n                    }, timing);\n                }\n            });\n        };\n\n        document.addEventListener('click', (event) => {\n            if (event.target.closest('a') && event.target.closest('a').href.includes('#')) {\n                const anchor = extractAnchor(event.target.closest('a').href);\n                if (anchor && isAnchorInTitles(anchor, tabsAccordionToggleTitles)) {\n                    event.preventDefault();\n                    clickTitleWithAnchor(anchor);\n                }\n            }\n        });\n\n        const currentAnchor = extractAnchor(window.location.href);\n        if (currentAnchor) {\n            clickTitleWithAnchor(currentAnchor);\n        }\n\n        function extractAnchor(url) {\n            const match = url.match(\/#([^?]+)\/);\n            return match ? match[1] : null;\n        };\n\n        function isAnchorInTitles(anchor, titles) {\n            return Array.from(titles).some(title => {\n                return title.querySelector(`#${anchor}`) !== null || title.id === anchor || (title.closest('details') && title.closest('details').id === anchor);\n            });\n        };\n\n        \/\/ MutationObserver ile Elementor'un dinamik yap\u0131s\u0131n\u0131 takip et\n        const observer = new MutationObserver((mutationsList, observer) => {\n            const tabsAccordionToggleTitles = document.querySelectorAll('.e-n-accordion-item-title, .e-n-tab-title, .elementor-tab-title');\n            if (tabsAccordionToggleTitles.length > 0) {\n                const currentAnchor = extractAnchor(window.location.href);\n                if (currentAnchor) {\n                    clickTitleWithAnchor(currentAnchor);\n                }\n                observer.disconnect(); \/\/ Observer'\u0131 durdur\n            }\n        });\n\n        \/\/ G\u00f6zlemlemeye ba\u015fla\n        observer.observe(document.body, { childList: true, subtree: true });\n\n    }, 300); \/\/ 300ms gecikme\n});\n<\/script>\t\t\t\t<\/div>\n\t\t\t\t<\/div>\n\t\t\t\t\t<\/div>\n\t\t\t\t<\/div>\n\t\t\t\t<\/div>\n\t\t","protected":false},"excerpt":{"rendered":"<p>plan your future according to the type of investment. land arsaVev all project arsaVev land completed projects arsaVev \u00e7iftlikk\u00f6y arsaVev fo\u00e7a biva ku\u015fadas\u0131 nuova land fo\u00e7a arsaVev arsaVev \u00e7iftlikk\u00f6y arsaVev fo\u00e7a biva ku\u015fadas\u0131 nuova land land fo\u00e7a completed projects land and house projects completed with happy customers arsaVev land completed projects land and house projects [&hellip;]<\/p>\n","protected":false},"author":4,"featured_media":0,"parent":0,"menu_order":0,"comment_status":"closed","ping_status":"closed","template":"","meta":{"_acf_changed":false,"footnotes":""},"class_list":["post-23088","page","type-page","status-publish","hentry"],"acf":[],"_links":{"self":[{"href":"https:\/\/arsavev.com.tr\/en\/wp-json\/wp\/v2\/pages\/23088","targetHints":{"allow":["GET"]}}],"collection":[{"href":"https:\/\/arsavev.com.tr\/en\/wp-json\/wp\/v2\/pages"}],"about":[{"href":"https:\/\/arsavev.com.tr\/en\/wp-json\/wp\/v2\/types\/page"}],"author":[{"embeddable":true,"href":"https:\/\/arsavev.com.tr\/en\/wp-json\/wp\/v2\/users\/4"}],"replies":[{"embeddable":true,"href":"https:\/\/arsavev.com.tr\/en\/wp-json\/wp\/v2\/comments?post=23088"}],"version-history":[{"count":7,"href":"https:\/\/arsavev.com.tr\/en\/wp-json\/wp\/v2\/pages\/23088\/revisions"}],"predecessor-version":[{"id":23099,"href":"https:\/\/arsavev.com.tr\/en\/wp-json\/wp\/v2\/pages\/23088\/revisions\/23099"}],"wp:attachment":[{"href":"https:\/\/arsavev.com.tr\/en\/wp-json\/wp\/v2\/media?parent=23088"}],"curies":[{"name":"wp","href":"https:\/\/api.w.org\/{rel}","templated":true}]}}